{"id":195,"date":"2014-05-08T23:33:30","date_gmt":"2014-05-08T23:33:30","guid":{"rendered":"http:\/\/s522724210.online.de\/?page_id=195"},"modified":"2025-02-24T19:39:56","modified_gmt":"2025-02-24T18:39:56","slug":"fussball","status":"publish","type":"page","link":"https:\/\/tuspo.net\/?page_id=195","title":{"rendered":"Fussball"},"content":{"rendered":"<p>&nbsp;<\/p>\n<div class=\"content2\">\n<p><span style=\"font-size: 10pt;\"><strong><span style=\"color: #000080;\">Der regul\u00e4re Spielbetrieb wurde 1953 aufgenommen. Zun\u00e4chst wurde an der Baggerkuhle &#8222;gebolzt&#8220;, dort fahren heute die Autos \u00fcber die Autobahn, sp\u00e4ter wurde der Platz an den D\u00fcllmannsweg, jetzt Wulsbergen 14, verlegt. Zum Rotgrandplatz kam in den 80\u00e9r Jahren ein Rasenplatz.<\/span><\/strong><\/span><\/p>\n<p><span style=\"font-size: 10pt;\"><strong><span style=\"color: #000080;\">2010 wurde der Kunstrasenplatz er\u00f6ffnet. Die Fu\u00dfballabteilung ist derzeit die gr\u00f6\u00dfte Abteilung des TuSpo Surheide und hat 6 Mannschaften im Spielbetrieb, drei im Herrenbereich und drei im Seniorenbereich. Die Fu\u00dfballjugend nimmt mit 14 Mannschaften am Spielbetrieb teil. Von den G- bis zu den A-Junioren ist der Verein vertreten. S\u00e4mtliche Heimspiele werden auf der Sportanlage des TuSpo Surheide, Wulsbergen 14 in Bremerhaven-Surheide ausgetragen. Die Sportanlage verf\u00fcgt, wie bereits erw\u00e4hnt, \u00fcber einen Rasen- , einen Kunstrasenplatz und \u00fcber ein DFB-Mini-Spielfeld mit eigener Flutlichtanlage.<\/span><\/strong><\/span><\/p>\n<div class=\"content2\"><span style=\"font-size: 10pt;\">\u00a0<\/span><\/div>\n<\/div>\n","protected":false},"excerpt":{"rendered":"<p>&nbsp; Der regul\u00e4re Spielbetrieb wurde 1953 aufgenommen. Zun\u00e4chst wurde an der Baggerkuhle &#8222;gebolzt&#8220;, dort fahren heute die Autos \u00fcber die Autobahn, sp\u00e4ter wurde der Platz<\/p>\n","protected":false},"author":1,"featured_media":0,"parent":0,"menu_order":18,"comment_status":"closed","ping_status":"closed","template":"","meta":{"footnotes":""},"class_list":["post-195","page","type-page","status-publish","hentry","two-columns"],"_links":{"self":[{"href":"https:\/\/tuspo.net\/index.php?rest_route=\/wp\/v2\/pages\/195","targetHints":{"allow":["GET"]}}],"collection":[{"href":"https:\/\/tuspo.net\/index.php?rest_route=\/wp\/v2\/pages"}],"about":[{"href":"https:\/\/tuspo.net\/index.php?rest_route=\/wp\/v2\/types\/page"}],"author":[{"embeddable":true,"href":"https:\/\/tuspo.net\/index.php?rest_route=\/wp\/v2\/users\/1"}],"replies":[{"embeddable":true,"href":"https:\/\/tuspo.net\/index.php?rest_route=%2Fwp%2Fv2%2Fcomments&post=195"}],"version-history":[{"count":0,"href":"https:\/\/tuspo.net\/index.php?rest_route=\/wp\/v2\/pages\/195\/revisions"}],"wp:attachment":[{"href":"https:\/\/tuspo.net\/index.php?rest_route=%2Fwp%2Fv2%2Fmedia&parent=195"}],"curies":[{"name":"wp","href":"https:\/\/api.w.org\/{rel}","templated":true}]}}