{"id":2248,"date":"2023-08-23T19:38:15","date_gmt":"2023-08-23T17:38:15","guid":{"rendered":"http:\/\/www.tuspo.net\/?page_id=2248"},"modified":"2026-04-26T11:36:20","modified_gmt":"2026-04-26T09:36:20","slug":"startseite","status":"publish","type":"page","link":"https:\/\/tuspo.net\/","title":{"rendered":"Home"},"content":{"rendered":"<p style=\"text-align: center;\"><strong><span style=\"text-decoration: underline;\"><span style=\"font-size: 24pt;\">Turniereinladung zum Pfingstturnier 2026<\/span><\/span><\/strong><\/p>\n<p><strong><span style=\"font-size: 14pt;\">Liebe Fu\u00dfballfreunde,<\/span><\/strong><\/p>\n<p><span style=\"font-size: 12pt;\"><strong>zu unserem 37. Karl-H\u00fcnefeld Ged\u00e4chtnisturnier vom 22. Mai bis 25. Mai 2026 laden wir eure <\/strong><\/span><br \/>\n<span style=\"font-size: 12pt;\"><strong>Herren-, Frauen-, C-, D-, E-, F- und G-Junioren Fu\u00dfballmannschaften sehr herzlich ein.<\/strong><\/span><\/p>\n<p><a href=\"https:\/\/tuspo.net\/?attachment_id=4945\" rel=\"attachment wp-att-4945\"><img loading=\"lazy\" decoding=\"async\" class=\"alignnone wp-image-4945 size-full\" src=\"https:\/\/tuspo.net\/wp-content\/uploads\/2023\/06\/pokal.png\" alt=\"\" width=\"1442\" height=\"851\" srcset=\"https:\/\/tuspo.net\/wp-content\/uploads\/2023\/06\/pokal.png 1442w, https:\/\/tuspo.net\/wp-content\/uploads\/2023\/06\/pokal-300x177.png 300w, https:\/\/tuspo.net\/wp-content\/uploads\/2023\/06\/pokal-1024x604.png 1024w, https:\/\/tuspo.net\/wp-content\/uploads\/2023\/06\/pokal-768x453.png 768w, https:\/\/tuspo.net\/wp-content\/uploads\/2023\/06\/pokal-1170x690.png 1170w\" sizes=\"auto, (max-width: 1442px) 100vw, 1442px\" \/><\/a><\/p>\n<p><a href=\"https:\/\/tuspo.net\/wp-content\/uploads\/2025\/10\/einladung-pfingstturnier-2026-tuspo-surheide.pdf\" rel=\"attachment wp-att-3475\"><img loading=\"lazy\" decoding=\"async\" class=\"alignnone wp-image-3475 size-full\" src=\"https:\/\/tuspo.net\/wp-content\/uploads\/2018\/11\/pdf-e1635667961907.png\" alt=\"\" width=\"100\" height=\"107\" \/> \u00a0 \u00a0<\/a><a href=\"https:\/\/tuspo.net\/wp-content\/uploads\/2025\/10\/einladung-pfingstturnier-2026-tuspo-surheide.pdf\">Anmeldung und Zeitplanung des voraussichtlichen Turnierablaufs:<\/a><\/p>\n<p><a href=\"https:\/\/tuspo.net\/?attachment_id=6265\" rel=\"attachment wp-att-6265\"><img loading=\"lazy\" decoding=\"async\" class=\"size-medium wp-image-6265 alignleft\" src=\"https:\/\/tuspo.net\/wp-content\/uploads\/2026\/04\/img-20260424-wa0000-200x300.jpg\" alt=\"\" width=\"200\" height=\"300\" srcset=\"https:\/\/tuspo.net\/wp-content\/uploads\/2026\/04\/img-20260424-wa0000-200x300.jpg 200w, https:\/\/tuspo.net\/wp-content\/uploads\/2026\/04\/img-20260424-wa0000-683x1024.jpg 683w, https:\/\/tuspo.net\/wp-content\/uploads\/2026\/04\/img-20260424-wa0000-768x1152.jpg 768w, https:\/\/tuspo.net\/wp-content\/uploads\/2026\/04\/img-20260424-wa0000.jpg 1024w\" sizes=\"auto, (max-width: 200px) 100vw, 200px\" \/> \u00a0 <\/a><a href=\"https:\/\/tuspo.net\/?attachment_id=6254\" rel=\"attachment wp-att-6254\"><img loading=\"lazy\" decoding=\"async\" class=\"size-medium wp-image-6254 alignleft\" src=\"https:\/\/tuspo.net\/wp-content\/uploads\/2026\/04\/img-20260414-wa0000-200x300.jpg\" alt=\"\" width=\"200\" height=\"300\" srcset=\"https:\/\/tuspo.net\/wp-content\/uploads\/2026\/04\/img-20260414-wa0000-200x300.jpg 200w, https:\/\/tuspo.net\/wp-content\/uploads\/2026\/04\/img-20260414-wa0000-683x1024.jpg 683w, https:\/\/tuspo.net\/wp-content\/uploads\/2026\/04\/img-20260414-wa0000-768x1152.jpg 768w, https:\/\/tuspo.net\/wp-content\/uploads\/2026\/04\/img-20260414-wa0000.jpg 1024w\" sizes=\"auto, (max-width: 200px) 100vw, 200px\" \/><\/a><img loading=\"lazy\" decoding=\"async\" class=\"size-medium wp-image-6251 alignleft\" src=\"https:\/\/tuspo.net\/wp-content\/uploads\/2026\/04\/img-20260414-wa0003-200x300.jpg\" alt=\"\" width=\"200\" height=\"300\" srcset=\"https:\/\/tuspo.net\/wp-content\/uploads\/2026\/04\/img-20260414-wa0003-200x300.jpg 200w, https:\/\/tuspo.net\/wp-content\/uploads\/2026\/04\/img-20260414-wa0003-683x1024.jpg 683w, https:\/\/tuspo.net\/wp-content\/uploads\/2026\/04\/img-20260414-wa0003-768x1152.jpg 768w, https:\/\/tuspo.net\/wp-content\/uploads\/2026\/04\/img-20260414-wa0003.jpg 1024w\" sizes=\"auto, (max-width: 200px) 100vw, 200px\" \/><\/p>\n<p>&nbsp;<\/p>\n<p>&nbsp;<\/p>\n<p>&nbsp;<\/p>\n<p>&nbsp;<\/p>\n<p>&nbsp;<\/p>\n<p>&nbsp;<\/p>\n<p>&nbsp;<\/p>\n<p><a href=\"https:\/\/tuspo.net\/?attachment_id=6059\" rel=\"attachment wp-att-6059\"><img loading=\"lazy\" decoding=\"async\" class=\"size-medium wp-image-6059 alignleft\" src=\"https:\/\/tuspo.net\/wp-content\/uploads\/2026\/01\/c-jugend-200x300.jpg\" alt=\"\" width=\"200\" height=\"300\" srcset=\"https:\/\/tuspo.net\/wp-content\/uploads\/2026\/01\/c-jugend-200x300.jpg 200w, https:\/\/tuspo.net\/wp-content\/uploads\/2026\/01\/c-jugend-683x1024.jpg 683w, https:\/\/tuspo.net\/wp-content\/uploads\/2026\/01\/c-jugend-768x1152.jpg 768w, https:\/\/tuspo.net\/wp-content\/uploads\/2026\/01\/c-jugend.jpg 1024w\" sizes=\"auto, (max-width: 200px) 100vw, 200px\" \/> <\/a><\/p>\n<p><a href=\"https:\/\/tuspo.net\/?attachment_id=6058\" rel=\"attachment wp-att-6058\"><img loading=\"lazy\" decoding=\"async\" class=\"alignnone size-medium wp-image-6058\" src=\"https:\/\/tuspo.net\/wp-content\/uploads\/2026\/01\/f-jugend-200x300.jpg\" alt=\"\" width=\"200\" height=\"300\" srcset=\"https:\/\/tuspo.net\/wp-content\/uploads\/2026\/01\/f-jugend-200x300.jpg 200w, https:\/\/tuspo.net\/wp-content\/uploads\/2026\/01\/f-jugend-683x1024.jpg 683w, https:\/\/tuspo.net\/wp-content\/uploads\/2026\/01\/f-jugend-768x1152.jpg 768w, https:\/\/tuspo.net\/wp-content\/uploads\/2026\/01\/f-jugend.jpg 1024w\" sizes=\"auto, (max-width: 200px) 100vw, 200px\" \/> <\/a><a href=\"https:\/\/tuspo.net\/?attachment_id=6057\" rel=\"attachment wp-att-6057\"><img loading=\"lazy\" decoding=\"async\" class=\"size-medium wp-image-6057 alignleft\" src=\"https:\/\/tuspo.net\/wp-content\/uploads\/2026\/01\/b-jugend-200x300.jpg\" alt=\"\" width=\"200\" height=\"300\" srcset=\"https:\/\/tuspo.net\/wp-content\/uploads\/2026\/01\/b-jugend-200x300.jpg 200w, https:\/\/tuspo.net\/wp-content\/uploads\/2026\/01\/b-jugend-683x1024.jpg 683w, https:\/\/tuspo.net\/wp-content\/uploads\/2026\/01\/b-jugend-768x1152.jpg 768w, https:\/\/tuspo.net\/wp-content\/uploads\/2026\/01\/b-jugend.jpg 1024w\" sizes=\"auto, (max-width: 200px) 100vw, 200px\" \/><\/a><a href=\"https:\/\/frmclinics.com\/tuspo-surheide-2026\" rel=\"attachment wp-att-6025\"><img loading=\"lazy\" decoding=\"async\" class=\"alignnone wp-image-6025 size-full\" src=\"https:\/\/tuspo.net\/wp-content\/uploads\/2025\/11\/b38072b8-ba65-4955-ad49-879a2d78f853.jpg\" alt=\"\" width=\"1600\" height=\"1600\" srcset=\"https:\/\/tuspo.net\/wp-content\/uploads\/2025\/11\/b38072b8-ba65-4955-ad49-879a2d78f853.jpg 1600w, https:\/\/tuspo.net\/wp-content\/uploads\/2025\/11\/b38072b8-ba65-4955-ad49-879a2d78f853-300x300.jpg 300w, https:\/\/tuspo.net\/wp-content\/uploads\/2025\/11\/b38072b8-ba65-4955-ad49-879a2d78f853-1024x1024.jpg 1024w, https:\/\/tuspo.net\/wp-content\/uploads\/2025\/11\/b38072b8-ba65-4955-ad49-879a2d78f853-150x150.jpg 150w, https:\/\/tuspo.net\/wp-content\/uploads\/2025\/11\/b38072b8-ba65-4955-ad49-879a2d78f853-768x768.jpg 768w, https:\/\/tuspo.net\/wp-content\/uploads\/2025\/11\/b38072b8-ba65-4955-ad49-879a2d78f853-1536x1536.jpg 1536w, https:\/\/tuspo.net\/wp-content\/uploads\/2025\/11\/b38072b8-ba65-4955-ad49-879a2d78f853-1170x1170.jpg 1170w\" sizes=\"auto, (max-width: 1600px) 100vw, 1600px\" \/><\/a><\/p>\n<p>&nbsp;<\/p>\n<p>&#x1f6a8;&#x26bd;&#xfe0f;VIP-Deal: Unsere Mitglieder sparen 60,00 \u20ac! &#x26bd;&#xfe0f;&#x1f6a8;<br \/>\nEs ist so weit: Ab heute startet der Vorverkauf f\u00fcr die Fundaci\u00f3n Real Madrid Fu\u00dfballcamp Saison 2026!<\/p>\n<p>Gemeinsam mit Kohfahl Ballstrategien organisieren wir dieses Ferien-Highlight beim TuSpo Surheide vom 13.07.-17.07.2026.<\/p>\n<p>Und das Beste: Ihr als Vereinsmitglieder habt jetzt die Chance, Euch als Erste einen Platz zu sichern.<\/p>\n<p>&#x1f451; Mit dem limitierten VIP-Rabatt sparen die ersten 20 Anmeldungen 60,00 \u20ac auf die Teilnahmegeb\u00fchr!<br \/>\n&#x26bd;&#xfe0f; Trainiere nach der Fundaci\u00f3n Real Madrid Methodik!<br \/>\n&#x1f449; Die Anmeldung ist nur \u00fcber unseren exklusiven Link m\u00f6glich: <a href=\"https:\/\/frmclinics.com\/tuspo-surheide-2026\">https:\/\/frmclinics.com\/tuspo-surheide-2026<\/a><\/p>\n<p>Also schnell sein und Euren VIP-Vorteil nutzen! Wir freuen uns, viele von Euch auf dem Platz zu sehen.<\/p>\n<p>Play the REAL Way! &#x1faf5;<\/p>\n<p>&nbsp;<\/p>\n<p><a href=\"https:\/\/tuspo.net\/?attachment_id=6040\" rel=\"attachment wp-att-6040\"><img loading=\"lazy\" decoding=\"async\" class=\"alignnone wp-image-6040 size-full\" src=\"https:\/\/tuspo.net\/wp-content\/uploads\/2026\/01\/trainer.jpg\" alt=\"\" width=\"1131\" height=\"1600\" srcset=\"https:\/\/tuspo.net\/wp-content\/uploads\/2026\/01\/trainer.jpg 1131w, https:\/\/tuspo.net\/wp-content\/uploads\/2026\/01\/trainer-212x300.jpg 212w, https:\/\/tuspo.net\/wp-content\/uploads\/2026\/01\/trainer-724x1024.jpg 724w, https:\/\/tuspo.net\/wp-content\/uploads\/2026\/01\/trainer-768x1086.jpg 768w, https:\/\/tuspo.net\/wp-content\/uploads\/2026\/01\/trainer-1086x1536.jpg 1086w\" sizes=\"auto, (max-width: 1131px) 100vw, 1131px\" \/><\/a><\/p>\n<p>&nbsp;<\/p>\n<p><a href=\"https:\/\/tuspo.net\/?attachment_id=6039\" rel=\"attachment wp-att-6039\"><img loading=\"lazy\" decoding=\"async\" class=\"alignnone wp-image-6039 size-full\" src=\"https:\/\/tuspo.net\/wp-content\/uploads\/2026\/01\/concordia-1.jpg\" alt=\"\" width=\"1024\" height=\"1536\" srcset=\"https:\/\/tuspo.net\/wp-content\/uploads\/2026\/01\/concordia-1.jpg 1024w, https:\/\/tuspo.net\/wp-content\/uploads\/2026\/01\/concordia-1-200x300.jpg 200w, https:\/\/tuspo.net\/wp-content\/uploads\/2026\/01\/concordia-1-683x1024.jpg 683w, https:\/\/tuspo.net\/wp-content\/uploads\/2026\/01\/concordia-1-768x1152.jpg 768w\" sizes=\"auto, (max-width: 1024px) 100vw, 1024px\" \/><\/a><\/p>\n<p>&nbsp;<\/p>\n<p>&nbsp;<\/p>\n<p>&nbsp;<\/p>\n<p>&nbsp;<\/p>\n<p>&nbsp;<\/p>\n<h1 style=\"text-align: center;\">Sei dabei und unterst\u00fctze uns!<\/h1>\n<h1><img decoding=\"async\" src=\"https:\/\/betterplace-assets.betterplace.org\/uploads\/project\/profile_picture\/000\/135\/943\/fill_730x380_08364a6e-bb83-498e-accd-b63c2524e251.png\" alt=\"Wettkampftrampolin f\u00fcr unsere Kinder und Jugendarbeit beim TuSpo Surheide\" \/><\/h1>\n<h1><span style=\"font-size: 14pt; font-family: georgia, palatino, serif;\">Der TuSpo Surheide (Turn und Sportverein Surheide von 1952 e.V) m\u00f6chte mit der Anschaffung eines neuen Trampolins Kindern und Jugendlichen in Surheide auch weiterhin ein bestm\u00f6gliches und sicheres Training anbieten k\u00f6nnen.\u00a0<\/span><\/h1>\n<p><span style=\"font-size: 14pt;\"><strong>Deshalb ist der Erwerb eines konkurrenz- und wettkampff\u00e4higen Trampolins von sehr gro\u00dfer Bedeutung.<\/strong>\u00a0<\/span><\/p>\n<p style=\"text-align: center;\"><span style=\"font-size: 18pt; color: #ff0000;\"><strong><a style=\"color: #ff0000;\" href=\"https:\/\/www.wirwunder.de\/projects\/135943?wirwunder=76\">Sei dabei und unterst\u00fctze uns!<\/a><\/strong><\/span><\/p>\n<p>&nbsp;<\/p>\n<p>&nbsp;<\/p>\n","protected":false},"excerpt":{"rendered":"<p>Turniereinladung zum Pfingstturnier 2026 Liebe Fu\u00dfballfreunde, zu unserem 37. Karl-H\u00fcnefeld Ged\u00e4chtnisturnier vom 22. Mai bis 25. Mai 2026 laden wir eure Herren-, Frauen-, C-, D-,<\/p>\n","protected":false},"author":1,"featured_media":0,"parent":0,"menu_order":1,"comment_status":"closed","ping_status":"closed","template":"","meta":{"footnotes":""},"class_list":["post-2248","page","type-page","status-publish","hentry","two-columns"],"_links":{"self":[{"href":"https:\/\/tuspo.net\/index.php?rest_route=\/wp\/v2\/pages\/2248","targetHints":{"allow":["GET"]}}],"collection":[{"href":"https:\/\/tuspo.net\/index.php?rest_route=\/wp\/v2\/pages"}],"about":[{"href":"https:\/\/tuspo.net\/index.php?rest_route=\/wp\/v2\/types\/page"}],"author":[{"embeddable":true,"href":"https:\/\/tuspo.net\/index.php?rest_route=\/wp\/v2\/users\/1"}],"replies":[{"embeddable":true,"href":"https:\/\/tuspo.net\/index.php?rest_route=%2Fwp%2Fv2%2Fcomments&post=2248"}],"version-history":[{"count":323,"href":"https:\/\/tuspo.net\/index.php?rest_route=\/wp\/v2\/pages\/2248\/revisions"}],"predecessor-version":[{"id":6278,"href":"https:\/\/tuspo.net\/index.php?rest_route=\/wp\/v2\/pages\/2248\/revisions\/6278"}],"wp:attachment":[{"href":"https:\/\/tuspo.net\/index.php?rest_route=%2Fwp%2Fv2%2Fmedia&parent=2248"}],"curies":[{"name":"wp","href":"https:\/\/api.w.org\/{rel}","templated":true}]}}