{"id":24,"date":"2014-05-07T08:38:22","date_gmt":"2014-05-07T08:38:22","guid":{"rendered":"http:\/\/s522724210.online.de\/?page_id=24"},"modified":"2026-02-05T16:56:06","modified_gmt":"2026-02-05T15:56:06","slug":"turnen","status":"publish","type":"page","link":"https:\/\/tuspo.net\/?page_id=24","title":{"rendered":"Turnen"},"content":{"rendered":"<p><a href=\"https:\/\/tuspo.net\/?attachment_id=6184\" rel=\"attachment wp-att-6184\"><img loading=\"lazy\" decoding=\"async\" class=\"alignnone wp-image-6184 size-full\" src=\"https:\/\/tuspo.net\/wp-content\/uploads\/2026\/02\/bild_2026-02-05_165555796.png\" alt=\"\" width=\"1120\" height=\"1038\" srcset=\"https:\/\/tuspo.net\/wp-content\/uploads\/2026\/02\/bild_2026-02-05_165555796.png 1120w, https:\/\/tuspo.net\/wp-content\/uploads\/2026\/02\/bild_2026-02-05_165555796-300x278.png 300w, https:\/\/tuspo.net\/wp-content\/uploads\/2026\/02\/bild_2026-02-05_165555796-1024x949.png 1024w, https:\/\/tuspo.net\/wp-content\/uploads\/2026\/02\/bild_2026-02-05_165555796-768x712.png 768w\" sizes=\"auto, (max-width: 1120px) 100vw, 1120px\" \/><\/a><\/p>\n<p><span style=\"font-size: 12pt;\">Unsere Turnabteilung bietet vielf\u00e4ltige Bewegungsangebote f\u00fcr Kinder ab dem 2. Lebensjahr und f\u00fcr Erwachsene bis ins hohe Alter. Mit Freude an der Bewegung, in geselliger Atmosph\u00e4re, etwas f\u00fcr Fitness und Gesundheit zu tun, ist die Zielrichtung unserer Sportangebote.<\/span><\/p>\n<p><span style=\"font-size: 14pt;\">M\u00f6chten Sie sich durch k\u00f6rperliche Bewegung gesund und fit erhalten, dann sind Sie <\/span><span style=\"font-size: 12pt;\">bei uns genau richtig. Mit unseren Angeboten erleben Sie Gemeinschaft stressfrei<\/span><span style=\"font-size: 12pt;\"> und ohne Leistungsdruck und haben Spa\u00df dabei.<\/span><\/p>\n<p><span style=\"font-size: 12pt;\">Sie k\u00f6nnen gern unsere Bewegungsangebote testen. Einfach zweimal zum Kennenlernen i<\/span><span style=\"font-size: 12pt;\">n die entsprechende Gruppe gehen. Sollte es Ihnen gefallen, dann k\u00f6nnen Sie Mitglied werden oder auch Kurskarten erwerben.<\/span><\/p>\n<p>&nbsp;<\/p>\n<p><span style=\"text-decoration: underline; font-size: 18pt;\"><strong>Unser Fitnessparcour in der Sportanlage<\/strong><\/span><\/p>\n<p>&nbsp;<\/p>\n<p><strong>Um von allen Vorteilen des k\u00f6rperlichen Trainings optimal zu profitieren, kann jeder seine eigenen Fitness-Level entsprechend trainieren, zu Zeiten die Ihr\/Ihm passen.<\/strong><\/p>\n<p><strong>Unser Fitnessparcour besteht jetzt aus 4 Ger\u00e4ten die wir vorstellen m\u00f6chten und uns gleichzeitig bei der Wespa Sport F\u00f6rderung, sowie beim Amt der kommunalen Arbeitsmarktpolitik der Stadt Bremerhaven f\u00fcr die WiN F\u00f6rderung bedanken.<\/strong><\/p>\n<p><strong>Der Sport an der frischen Luft ist einfach hervorragend und es ergibt sich eine universelle Formel des Wohlf\u00fchlens. Man darf nicht vergessen welchen unsch\u00e4tzbaren Wert das Training drau\u00dfen f\u00fcr die Leistungsf\u00e4higkeit unseres K\u00f6rpers bedeutet. Die Durchblutung kommt in Schwung, das Blut wird mit frischem Sauerstoff versorgt und gleichzeitig st\u00e4rkt Vitamin D unser Immunsystem.<\/strong><\/p>\n<p><strong>Die Sonne auf dem R\u00fccken, der Wind im Gesicht \u2013 sogar der erfrischende Regentropfen verwandelt Elan in Erfrischung. Das ist unsere Ermutigung weiter in unseren Parcour zu investieren.<\/strong><\/p>\n<p><strong>Bisher bestehen die Ger\u00e4te in der klassischen Form des disziplinierten Trainings, bei der Krafttraining mit Aerobic kombiniert wird und alle Elemente auf die Fitness abzielen.<\/strong><\/p>\n<p><strong>Die \u00dcbungen werden mit einer bestimmten Anzahl von Wiederholungen oder in einer Zeitspanne nacheinander ausgef\u00fchrt. An jeder Station wird eine gezielte \u00dcbung f\u00fcr eine spezifische Muskelgruppe durchgef\u00fchrt.<\/strong><\/p>\n<p style=\"text-align: center;\"><strong>Free Runner:<\/strong> F\u00f6rdert die Beweglichkeit, die Kondition, die Koordination den Gleichgewichtssinn. Trainiert die H\u00fcft- und Beinmuskulatur.<br \/>\n<img loading=\"lazy\" decoding=\"async\" class=\"wp-image-4732 size-large aligncenter\" src=\"https:\/\/tuspo.net\/wp-content\/uploads\/2022\/07\/img_6152-768x1024.jpg\" alt=\"\" width=\"640\" height=\"853\" srcset=\"https:\/\/tuspo.net\/wp-content\/uploads\/2022\/07\/img_6152-768x1024.jpg 768w, https:\/\/tuspo.net\/wp-content\/uploads\/2022\/07\/img_6152-225x300.jpg 225w, https:\/\/tuspo.net\/wp-content\/uploads\/2022\/07\/img_6152-1152x1536.jpg 1152w, https:\/\/tuspo.net\/wp-content\/uploads\/2022\/07\/img_6152-1536x2048.jpg 1536w, https:\/\/tuspo.net\/wp-content\/uploads\/2022\/07\/img_6152-1170x1560.jpg 1170w, https:\/\/tuspo.net\/wp-content\/uploads\/2022\/07\/img_6152-scaled.jpg 1920w\" sizes=\"auto, (max-width: 640px) 100vw, 640px\" \/><\/p>\n<p>&nbsp;<\/p>\n<p><a href=\"https:\/\/tuspo.net\/wp-content\/uploads\/2025\/10\/eintrittserklaerung.pdf\" rel=\"attachment wp-att-3703\"><img loading=\"lazy\" decoding=\"async\" class=\"alignnone size-full wp-image-3703\" src=\"https:\/\/tuspo.net\/wp-content\/uploads\/2020\/10\/tuspowappen2.png\" alt=\"\" width=\"200\" height=\"200\" srcset=\"https:\/\/tuspo.net\/wp-content\/uploads\/2020\/10\/tuspowappen2.png 200w, https:\/\/tuspo.net\/wp-content\/uploads\/2020\/10\/tuspowappen2-150x150.png 150w\" sizes=\"auto, (max-width: 200px) 100vw, 200px\" \/><\/a><\/p>\n<p>&nbsp;<\/p>\n<p>&nbsp;<\/p>\n<p>&nbsp;<\/p>\n","protected":false},"excerpt":{"rendered":"<p>Unsere Turnabteilung bietet vielf\u00e4ltige Bewegungsangebote f\u00fcr Kinder ab dem 2. Lebensjahr und f\u00fcr Erwachsene bis ins hohe Alter. Mit Freude an der Bewegung, in geselliger<\/p>\n","protected":false},"author":1,"featured_media":0,"parent":0,"menu_order":17,"comment_status":"open","ping_status":"open","template":"","meta":{"footnotes":""},"class_list":["post-24","page","type-page","status-publish","hentry","two-columns"],"_links":{"self":[{"href":"https:\/\/tuspo.net\/index.php?rest_route=\/wp\/v2\/pages\/24","targetHints":{"allow":["GET"]}}],"collection":[{"href":"https:\/\/tuspo.net\/index.php?rest_route=\/wp\/v2\/pages"}],"about":[{"href":"https:\/\/tuspo.net\/index.php?rest_route=\/wp\/v2\/types\/page"}],"author":[{"embeddable":true,"href":"https:\/\/tuspo.net\/index.php?rest_route=\/wp\/v2\/users\/1"}],"replies":[{"embeddable":true,"href":"https:\/\/tuspo.net\/index.php?rest_route=%2Fwp%2Fv2%2Fcomments&post=24"}],"version-history":[{"count":16,"href":"https:\/\/tuspo.net\/index.php?rest_route=\/wp\/v2\/pages\/24\/revisions"}],"predecessor-version":[{"id":6185,"href":"https:\/\/tuspo.net\/index.php?rest_route=\/wp\/v2\/pages\/24\/revisions\/6185"}],"wp:attachment":[{"href":"https:\/\/tuspo.net\/index.php?rest_route=%2Fwp%2Fv2%2Fmedia&parent=24"}],"curies":[{"name":"wp","href":"https:\/\/api.w.org\/{rel}","templated":true}]}}