{"id":28,"date":"2014-05-07T08:39:03","date_gmt":"2014-05-07T08:39:03","guid":{"rendered":"http:\/\/s522724210.online.de\/?page_id=28"},"modified":"2026-02-19T18:26:07","modified_gmt":"2026-02-19T17:26:07","slug":"tischtennis","status":"publish","type":"page","link":"https:\/\/tuspo.net\/?page_id=28","title":{"rendered":"Tischtennis"},"content":{"rendered":"<h1 id=\"tischtennis\"><span style=\"color: #000080;\"><strong>Tischtennis<\/strong><\/span><\/h1>\n<p><strong>Abteilungsleiter :Michael Braatz\u00a0 \u00a0 Tel.<\/strong> <span style=\"font-family: 'arial black', sans-serif;\">0471\/3098394<\/span><\/p>\n<p><strong>Trainingszeiten: Donnerstag 20:00 -22:00 Uhr\u00a0 Turnhalle Surheide Schule<\/strong><\/p>\n<p>&nbsp;<\/p>\n<div class=\"wrapper50\">\n<p>Tischtennis wird in Surheide seit der Vereinsgr\u00fcndung 1952 gespielt. Anfangs nat\u00fcrlich nicht mit den modernen Spielger\u00e4ten wie heute (gab es damals ja teilweise auch noch nicht bzw. konnte sich keiner leisten), aber es wurde gespielt. Nach einer kurzzeitigen \u201ePause\u201c ab 1966 wurde die Tischtennisabteilung im Jahre 1971 wiedergegr\u00fcndet. Heute (2011) besteht die Abteilung aus 18 Erwachsenen und 25 Jugendlichen aktiven Spielerinnen und Spielern. Wir spielen Wettkampfm\u00e4\u00dfig in fast allen Klassen des Kreises Bremerhaven mit und geh\u00f6ren zum Fachverband Tisch-Tennis Bremen e.V. (FTTB).<\/p>\n<p>Ganz besondere Leistungen vollbringen unsere Senioren. Sie qualifizieren sich regelm\u00e4\u00dfig \u00fcber die Bremer Landesmeisterschaften zu den Norddeutschen Meisterschaften bis zu den Deutschen Meisterschaften. Eine Spielerin hat sogar auch schon erfolgreich an den Europa- und Weltmeisterschaften teilgenommen.<\/p>\n<p>In Zusammenarbeit mit der Surheider Schule f\u00fchren wir regelm\u00e4\u00dfig j\u00e4hrlich die Tischtennis-Minimeisterschaften durch. Diese Aktion wird vom FTTB unterst\u00fctzt (Urkunden). Bei uns bekommt aber auch jeder Teilnehmer eine Medaille und die ersten drei jeweils noch einen Pokal. Um diese zus\u00e4tzlichen, f\u00fcr die Kinder aber hochmotivierenden Preise bereitstellen zu k\u00f6nnen, sind wir immer auf die Unterst\u00fctzung von Sponsoren angewiesen. Immerhin haben wir bei der Veranstaltung im Schnitt ca. 130 &#8211; 140 Teilnehmer.<\/p>\n<p>Tischtennis ist ein sehr oft untersch\u00e4tzter Sport f\u00fcr die ganze Familie und f\u00f6rdert den Geist und die Beweglichkeit. Man kann bei diesem Sport durchaus ins Schwitzen kommen. In der Tischtennisabteilung des TuSpo Surheide kann jeder ab 8 Jahren mitspielen. Ob nur so zum Spa\u00df oder auch in einer unserer Wettkampfmannschaften, ganz egal, Hauptsache in Bewegung bleiben. Spielerinnen und Spieler mit \u00fcber 70 Jahren sind beim Tischtennis keine Seltenheit.<\/p>\n<p>Wer Lust hat mal in der Turnhalle der Surheider Schule (Isarstra\u00dfe 58) vorbei zu schauen, kann das gerne tun und ist herzlich willkommen.<\/p>\n<\/div>\n","protected":false},"excerpt":{"rendered":"<p>Tischtennis Abteilungsleiter :Michael Braatz\u00a0 \u00a0 Tel. 0471\/3098394 Trainingszeiten: Donnerstag 20:00 -22:00 Uhr\u00a0 Turnhalle Surheide Schule &nbsp; Tischtennis wird in Surheide seit der Vereinsgr\u00fcndung 1952 gespielt.<\/p>\n","protected":false},"author":1,"featured_media":0,"parent":0,"menu_order":24,"comment_status":"open","ping_status":"open","template":"","meta":{"footnotes":""},"class_list":["post-28","page","type-page","status-publish","hentry","two-columns"],"_links":{"self":[{"href":"https:\/\/tuspo.net\/index.php?rest_route=\/wp\/v2\/pages\/28","targetHints":{"allow":["GET"]}}],"collection":[{"href":"https:\/\/tuspo.net\/index.php?rest_route=\/wp\/v2\/pages"}],"about":[{"href":"https:\/\/tuspo.net\/index.php?rest_route=\/wp\/v2\/types\/page"}],"author":[{"embeddable":true,"href":"https:\/\/tuspo.net\/index.php?rest_route=\/wp\/v2\/users\/1"}],"replies":[{"embeddable":true,"href":"https:\/\/tuspo.net\/index.php?rest_route=%2Fwp%2Fv2%2Fcomments&post=28"}],"version-history":[{"count":2,"href":"https:\/\/tuspo.net\/index.php?rest_route=\/wp\/v2\/pages\/28\/revisions"}],"predecessor-version":[{"id":6199,"href":"https:\/\/tuspo.net\/index.php?rest_route=\/wp\/v2\/pages\/28\/revisions\/6199"}],"wp:attachment":[{"href":"https:\/\/tuspo.net\/index.php?rest_route=%2Fwp%2Fv2%2Fmedia&parent=28"}],"curies":[{"name":"wp","href":"https:\/\/api.w.org\/{rel}","templated":true}]}}