{"id":38,"date":"2014-05-07T08:40:56","date_gmt":"2014-05-07T08:40:56","guid":{"rendered":"http:\/\/s522724210.online.de\/?page_id=38"},"modified":"2025-03-05T06:04:54","modified_gmt":"2025-03-05T05:04:54","slug":"spielmannzug","status":"publish","type":"page","link":"https:\/\/tuspo.net\/?page_id=38","title":{"rendered":"Spielmannszug"},"content":{"rendered":"<div class=\"wrapper50\">\n<h1><span id=\"p3R_mc1\" class=\"markedContent\"><span dir=\"ltr\" role=\"presentation\">Spielleute<\/span><span dir=\"ltr\" role=\"presentation\">&#8211;<\/span><span dir=\"ltr\" role=\"presentation\">Orchester des TuSpo Surheide<\/span><\/span><\/h1>\n<div class=\"textLayer\" style=\"text-align: left;\" tabindex=\"0\" data-main-rotation=\"0\"><span id=\"p3R_mc0\" class=\"markedContent\"><\/span><span id=\"p3R_mc1\" class=\"markedContent\"><span dir=\"ltr\" role=\"presentation\">Das Spielleute<\/span><span dir=\"ltr\" role=\"presentation\">&#8211;<\/span><span dir=\"ltr\" role=\"presentation\">Orchester des TuSpo Surheide zieht in neue R\u00e4umlichkeiten<\/span><\/span><span id=\"p3R_mc2\" class=\"markedContent\"><\/span><span id=\"p3R_mc3\" class=\"markedContent\"><br role=\"presentation\" \/><span dir=\"ltr\" role=\"presentation\">Surheide<\/span> <span dir=\"ltr\" role=\"presentation\">\u2013<\/span> <span dir=\"ltr\" role=\"presentation\">Das Spielleute<\/span><span dir=\"ltr\" role=\"presentation\">&#8211;<\/span><span dir=\"ltr\" role=\"presentation\">Orchester des TuSpo Surheide hat nach mehr als 50 Jahren den<\/span><br role=\"presentation\" \/><span dir=\"ltr\" role=\"presentation\">Umzug in neue R\u00e4umlichkeiten gewagt. Von nun an wird der letzte Spielmannszug der<\/span><br role=\"presentation\" \/><span dir=\"ltr\" role=\"presentation\">Seestadt seine Proben im Gemeindehaus der Auferstehungskirche abhalten, nachdem es \u00fcber<\/span><br role=\"presentation\" \/><span dir=\"ltr\" role=\"presentation\">f\u00fcnf Jahrzehnten in der Pausenhalle der Surheider Schule zu Hause war.<\/span><\/span><span id=\"p3R_mc4\" class=\"markedContent\"><\/span><span id=\"p3R_mc5\" class=\"markedContent\"><br role=\"presentation\" \/><span dir=\"ltr\" role=\"presentation\">\u201eWir sind der Kirchengemeinde und dem neuen Kirchenvorstand sehr dankbar f\u00fcr die<\/span><br role=\"presentation\" \/><span dir=\"ltr\" role=\"presentation\">M\u00f6glichkeit, in den gro\u00dfz\u00fcgigen R\u00e4umlichkeiten der Gemeinde proben zu d\u00fcrfen\u201c, sagt<\/span><br role=\"presentation\" \/><span dir=\"ltr\" role=\"presentation\">Abteilungsleiterin Ruth Rywak. Besonders freut sich das Orchester dar\u00fcber, dass nun auch<\/span><br role=\"presentation\" \/><span dir=\"ltr\" role=\"presentation\">wi<\/span><span dir=\"ltr\" role=\"presentation\">eder R\u00e4ume f\u00fcr die musikalische Ausbildung kleinerer Kinder zur Verf\u00fcgung stehen.<\/span><\/span><span id=\"p3R_mc6\" class=\"markedContent\"><\/span><span id=\"p3R_mc7\" class=\"markedContent\"><br role=\"presentation\" \/><span dir=\"ltr\" role=\"presentation\">Auch der Keller des Gemeindehauses wurde f\u00fcr das Orchester umgebaut, um einen eigenen<\/span><br role=\"presentation\" \/><span dir=\"ltr\" role=\"presentation\">Lagerraum f\u00fcr Instrumente bereitzustellen. Die Arbeitsgruppe des Sportvereins TuSpo<\/span><br role=\"presentation\" \/><span dir=\"ltr\" role=\"presentation\">Surheide hat hier tatkr\u00e4ftig mit angepackt.<\/span><\/span><span id=\"p3R_mc8\" class=\"markedContent\"><\/span><span id=\"p3R_mc9\" class=\"markedContent\"><br role=\"presentation\" \/><span dir=\"ltr\" role=\"presentation\">Am vergangenen Samstag wurden alle Instrumente aus der Surheider Schule sowie weiteren<\/span><br role=\"presentation\" \/><span dir=\"ltr\" role=\"presentation\">Zwischenlagern sicher an ihren neuen Standort transportiert. Jetzt ist das Orchester bestens<\/span><br role=\"presentation\" \/><span dir=\"ltr\" role=\"presentation\">ger\u00fcstet, um weiter zu wachsen und die musikalische Ausbildung von Kindern,<\/span> <span dir=\"ltr\" role=\"presentation\">Jugendlichen<\/span><br role=\"presentation\" \/><span dir=\"ltr\" role=\"presentation\">und Erwachsenen in Surheide voranzutreiben.<\/span><br role=\"presentation\" \/><span dir=\"ltr\" role=\"presentation\">Am 27.04.2025 will sich das Orchester mit einem Konzert auf die kommende Saison<\/span><br role=\"presentation\" \/><span dir=\"ltr\" role=\"presentation\">einstimmen. Ab 15.00 Uhr begeistern die Surheider das Publikum mit bekannten Melodien in<\/span><br role=\"presentation\" \/><span dir=\"ltr\" role=\"presentation\">den neuen R\u00e4umlichkeiten. Das<\/span> <span dir=\"ltr\" role=\"presentation\">Konzert findet in der Surheider Kirche statt und in einer<\/span><br role=\"presentation\" \/><span dir=\"ltr\" role=\"presentation\">Pause gibt es ausreichend Zeit um sich im Gemeindesaal am Kaffee<\/span><span dir=\"ltr\" role=\"presentation\">&#8211;<\/span> <span dir=\"ltr\" role=\"presentation\">und Kuchenb\u00fcfett zu<\/span><br role=\"presentation\" \/><span dir=\"ltr\" role=\"presentation\">st\u00e4rken.<\/span> <span dir=\"ltr\" role=\"presentation\">\u201e<\/span><span dir=\"ltr\" role=\"presentation\">Wir freuen uns sehr auf die besondere Akustik der Kirche und vielleicht auf den<\/span><br role=\"presentation\" \/><span dir=\"ltr\" role=\"presentation\">einen oder anderen neuen Gast&#8220;, berichtet der musikalische Leiter Andree Rywak.<\/span><\/span><span id=\"p3R_mc10\" class=\"markedContent\"><\/span><span id=\"p3R_mc11\" class=\"markedContent\"><br role=\"presentation\" \/><span dir=\"ltr\" role=\"presentation\">Wer Interesse daran hat, sich dem Orchester anzuschlie\u00dfen, kann sich gerne bei<\/span><br role=\"presentation\" \/><span dir=\"ltr\" role=\"presentation\">Abteilungsleiterin Ruth Rywak unter der Telefonnummer 0471 87644 melden.<\/span><\/span><\/div>\n<p>&nbsp;<\/p>\n<p><a href=\"https:\/\/tuspo.net\/?attachment_id=5880\" rel=\"attachment wp-att-5880\"><img loading=\"lazy\" decoding=\"async\" class=\"wp-image-5880 size-full\" src=\"https:\/\/tuspo.net\/wp-content\/uploads\/2025\/03\/berlin-scaled.jpg\" alt=\"\" width=\"2560\" height=\"1926\" srcset=\"https:\/\/tuspo.net\/wp-content\/uploads\/2025\/03\/berlin-scaled.jpg 2560w, https:\/\/tuspo.net\/wp-content\/uploads\/2025\/03\/berlin-300x226.jpg 300w, https:\/\/tuspo.net\/wp-content\/uploads\/2025\/03\/berlin-1024x770.jpg 1024w, https:\/\/tuspo.net\/wp-content\/uploads\/2025\/03\/berlin-768x578.jpg 768w, https:\/\/tuspo.net\/wp-content\/uploads\/2025\/03\/berlin-1536x1155.jpg 1536w, https:\/\/tuspo.net\/wp-content\/uploads\/2025\/03\/berlin-2048x1540.jpg 2048w, https:\/\/tuspo.net\/wp-content\/uploads\/2025\/03\/berlin-1170x880.jpg 1170w\" sizes=\"auto, (max-width: 2560px) 100vw, 2560px\" \/><\/a><\/p>\n<p><a href=\"https:\/\/tuspo.net\/?attachment_id=5877\" rel=\"attachment wp-att-5877\"><img loading=\"lazy\" decoding=\"async\" class=\"alignnone wp-image-5877 size-full\" src=\"https:\/\/tuspo.net\/wp-content\/uploads\/2025\/03\/whatsapp-image-2024-02-17-at-19.59.11-1.jpeg\" alt=\"\" width=\"1600\" height=\"1200\" srcset=\"https:\/\/tuspo.net\/wp-content\/uploads\/2025\/03\/whatsapp-image-2024-02-17-at-19.59.11-1.jpeg 1600w, https:\/\/tuspo.net\/wp-content\/uploads\/2025\/03\/whatsapp-image-2024-02-17-at-19.59.11-1-300x225.jpeg 300w, https:\/\/tuspo.net\/wp-content\/uploads\/2025\/03\/whatsapp-image-2024-02-17-at-19.59.11-1-1024x768.jpeg 1024w, https:\/\/tuspo.net\/wp-content\/uploads\/2025\/03\/whatsapp-image-2024-02-17-at-19.59.11-1-768x576.jpeg 768w, https:\/\/tuspo.net\/wp-content\/uploads\/2025\/03\/whatsapp-image-2024-02-17-at-19.59.11-1-1536x1152.jpeg 1536w, https:\/\/tuspo.net\/wp-content\/uploads\/2025\/03\/whatsapp-image-2024-02-17-at-19.59.11-1-1170x878.jpeg 1170w\" sizes=\"auto, (max-width: 1600px) 100vw, 1600px\" \/><\/a><\/p>\n<p>&nbsp;<\/p>\n<\/div>\n","protected":false},"excerpt":{"rendered":"<p>Spielleute&#8211;Orchester des TuSpo Surheide Das Spielleute&#8211;Orchester des TuSpo Surheide zieht in neue R\u00e4umlichkeitenSurheide \u2013 Das Spielleute&#8211;Orchester des TuSpo Surheide hat nach mehr als 50 Jahren<\/p>\n","protected":false},"author":1,"featured_media":0,"parent":0,"menu_order":30,"comment_status":"open","ping_status":"open","template":"","meta":{"footnotes":""},"class_list":["post-38","page","type-page","status-publish","hentry","two-columns"],"_links":{"self":[{"href":"https:\/\/tuspo.net\/index.php?rest_route=\/wp\/v2\/pages\/38","targetHints":{"allow":["GET"]}}],"collection":[{"href":"https:\/\/tuspo.net\/index.php?rest_route=\/wp\/v2\/pages"}],"about":[{"href":"https:\/\/tuspo.net\/index.php?rest_route=\/wp\/v2\/types\/page"}],"author":[{"embeddable":true,"href":"https:\/\/tuspo.net\/index.php?rest_route=\/wp\/v2\/users\/1"}],"replies":[{"embeddable":true,"href":"https:\/\/tuspo.net\/index.php?rest_route=%2Fwp%2Fv2%2Fcomments&post=38"}],"version-history":[{"count":7,"href":"https:\/\/tuspo.net\/index.php?rest_route=\/wp\/v2\/pages\/38\/revisions"}],"predecessor-version":[{"id":5885,"href":"https:\/\/tuspo.net\/index.php?rest_route=\/wp\/v2\/pages\/38\/revisions\/5885"}],"wp:attachment":[{"href":"https:\/\/tuspo.net\/index.php?rest_route=%2Fwp%2Fv2%2Fmedia&parent=38"}],"curies":[{"name":"wp","href":"https:\/\/api.w.org\/{rel}","templated":true}]}}